{"id":926,"date":"2026-03-09T12:20:53","date_gmt":"2026-03-09T15:20:53","guid":{"rendered":"https:\/\/wticifes.com.br\/2026\/?page_id=926"},"modified":"2026-04-02T13:28:29","modified_gmt":"2026-04-02T16:28:29","slug":"submissao-trabalhos","status":"publish","type":"page","link":"https:\/\/wticifes.com.br\/2026\/submissao-trabalhos\/","title":{"rendered":"Submiss\u00e3o de Trabalhos\u200b"},"content":{"rendered":"\t\t<div data-elementor-type=\"wp-page\" data-elementor-id=\"926\" class=\"elementor elementor-926\" data-elementor-post-type=\"page\">\n\t\t\t\t<div class=\"elementor-element elementor-element-3a2d43f e-flex e-con-boxed e-con e-parent\" data-id=\"3a2d43f\" data-element_type=\"container\">\n\t\t\t\t\t<div class=\"e-con-inner\">\n\t\t\t\t<div class=\"elementor-element elementor-element-c53c332 elementor-widget elementor-widget-heading\" data-id=\"c53c332\" data-element_type=\"widget\" data-widget_type=\"heading.default\">\n\t\t\t\t<div class=\"elementor-widget-container\">\n\t\t\t<h2 class=\"elementor-heading-title elementor-size-default\">Submiss\u00e3o de Trabalhos<\/h2>\t\t<\/div>\n\t\t\t\t<\/div>\n\t\t\t\t<div class=\"elementor-element elementor-element-d1ceb1b elementor-widget elementor-widget-text-editor\" data-id=\"d1ceb1b\" data-element_type=\"widget\" data-widget_type=\"text-editor.default\">\n\t\t\t\t<div class=\"elementor-widget-container\">\n\t\t\t\t\t\t\t<p>WTICIFES 2026 &#8211; Garibaldi, RS &#8211; 4 a 6 de Agosto<\/p>\n<p>XVIII Congresso de Tecnologia da Informa\u00e7\u00e3o e Comunica\u00e7\u00e3o das Institui\u00e7\u00f5es Federais de Ensino Superior do Brasil<\/p>\t\t\t\t\t\t<\/div>\n\t\t\t\t<\/div>\n\t\t\t\t<div class=\"elementor-element elementor-element-23c4ef2 elementor-widget elementor-widget-text-editor\" data-id=\"23c4ef2\" data-element_type=\"widget\" data-widget_type=\"text-editor.default\">\n\t\t\t\t<div class=\"elementor-widget-container\">\n\t\t\t\t\t\t\t<p>O <b>Congresso de Tecnologia da Informa\u00e7\u00e3o e Comunica\u00e7\u00e3o das Institui\u00e7\u00f5es Federais de Ensino Superior (WTICIFES)<\/b> \u00e9 um evento que visa promover a troca de experi\u00eancias e conhecimentos sobre o uso da tecnologia da informa\u00e7\u00e3o e comunica\u00e7\u00e3o (TIC) no \u00e2mbito das universidades federais.&nbsp;O WTICIFES, realizado h\u00e1 18 anos como workshop nacional, ampliou seu escopo, p\u00fablico e produ\u00e7\u00e3o t\u00e9cnico-cient\u00edfica, passando a se caracterizar como um congresso, mantendo sua sigla hist\u00f3rica em raz\u00e3o do reconhecimento e da consolida\u00e7\u00e3o na comunidade.<\/p>\t\t\t\t\t\t<\/div>\n\t\t\t\t<\/div>\n\t\t\t\t\t<\/div>\n\t\t\t\t<\/div>\n\t\t<div class=\"elementor-element elementor-element-7f70499 e-flex e-con-boxed e-con e-parent\" data-id=\"7f70499\" data-element_type=\"container\">\n\t\t\t\t\t<div class=\"e-con-inner\">\n\t\t\t\t<div class=\"elementor-element elementor-element-f2e1685 elementor-widget elementor-widget-heading\" data-id=\"f2e1685\" data-element_type=\"widget\" data-widget_type=\"heading.default\">\n\t\t\t\t<div class=\"elementor-widget-container\">\n\t\t\t<h3 class=\"elementor-heading-title elementor-size-default\">Escopo<\/h3>\t\t<\/div>\n\t\t\t\t<\/div>\n\t\t\t\t<div class=\"elementor-element elementor-element-f0f71c7 elementor-widget elementor-widget-text-editor\" data-id=\"f0f71c7\" data-element_type=\"widget\" data-widget_type=\"text-editor.default\">\n\t\t\t\t<div class=\"elementor-widget-container\">\n\t\t\t\t\t\t\t<p>O foco do evento \u00e9 <b>disseminar boas pr\u00e1ticas e apresentar inova\u00e7\u00f5es em Tecnologia da Informa\u00e7\u00e3o e Comunica\u00e7\u00e3o (TIC)<\/b> nas Institui\u00e7\u00f5es Federais de Ensino Superior (IFES) \u2014 universidades e CEFETs \u2014, especialmente aquelas que possam ser replicadas ou adaptadas por outras institui\u00e7\u00f5es.<br \/>Nesse contexto, ser\u00e3o aceitos artigos que relatem<b> inova\u00e7\u00f5es e experi\u00eancias no \u00e2mbito das IFES,<\/b> devendo pelo menos um dos autores ser servidor de uma IFES. \u00c9 permitida a participa\u00e7\u00e3o de coautores externos \u00e0s IFES.<br \/>Tamb\u00e9m s\u00e3o bem-vindos artigos de \u00e1reas relacionadas \u00e0s TIC, como gest\u00e3o de processos e privacidade, desde que os trabalhos apresentem de forma clara a rela\u00e7\u00e3o desses temas com o uso, a gest\u00e3o ou a governan\u00e7a de TIC.<\/p>\t\t\t\t\t\t<\/div>\n\t\t\t\t<\/div>\n\t\t\t\t\t<\/div>\n\t\t\t\t<\/div>\n\t\t<div class=\"elementor-element elementor-element-61f3c4a e-flex e-con-boxed e-con e-parent\" data-id=\"61f3c4a\" data-element_type=\"container\">\n\t\t\t\t\t<div class=\"e-con-inner\">\n\t\t\t\t<div class=\"elementor-element elementor-element-c6fe7ec elementor-widget elementor-widget-heading\" data-id=\"c6fe7ec\" data-element_type=\"widget\" data-widget_type=\"heading.default\">\n\t\t\t\t<div class=\"elementor-widget-container\">\n\t\t\t<h3 class=\"elementor-heading-title elementor-size-default\">\u00c1reas Tem\u00e1ticas<\/h3>\t\t<\/div>\n\t\t\t\t<\/div>\n\t\t\t\t<div class=\"elementor-element elementor-element-3439581 elementor-widget elementor-widget-text-editor\" data-id=\"3439581\" data-element_type=\"widget\" data-widget_type=\"text-editor.default\">\n\t\t\t\t<div class=\"elementor-widget-container\">\n\t\t\t\t\t\t\t<p><b>Sistemas de Informac\u0327a\u0303o: <\/b>automatizac\u0327a\u0303o de processos de software, desenvolvimento de software, experie\u0302ncia do usua\u0301rio, projetos de software, DevSecOps.<\/p><p><b>Seguranc\u0327a da Informac\u0327a\u0303o e Ciberseguranc\u0327a: <\/b>respostas a incidentes de seguranc\u0327a, ferramentas e te\u0301cnicas para a protec\u0327a\u0303o de dados, implementac\u0327a\u0303o de poli\u0301ticas de seguranc\u0327a e privacidade de dados<\/p><p><b>Infraestrutura de TI: <\/b>Infraestrutura computacional, conectividade, e redes de computadores.<\/p><p><b>Governanc\u0327a de TI: <\/b>Gesta\u0303o, governanc\u0327a de TI, gesta\u0303o de riscos, gesta\u0303o de processos de TI e compliance, processos de compras de TIC.<\/p><p><b>Inovac\u0327a\u0303o e Transformac\u0327a\u0303o Digital: <\/b>Intelige\u0302ncia Artificial (IA), IoT, cloud computing, bigdata, ferramentas de Bussines Inteligence para ana\u0301lise de dados e apoio a\u0300 tomada de decisa\u0303o.<\/p>\t\t\t\t\t\t<\/div>\n\t\t\t\t<\/div>\n\t\t\t\t\t<\/div>\n\t\t\t\t<\/div>\n\t\t<div class=\"elementor-element elementor-element-b9ec83f e-flex e-con-boxed e-con e-parent\" data-id=\"b9ec83f\" data-element_type=\"container\">\n\t\t\t\t\t<div class=\"e-con-inner\">\n\t\t\t\t<div class=\"elementor-element elementor-element-cb7784d elementor-widget elementor-widget-heading\" data-id=\"cb7784d\" data-element_type=\"widget\" data-widget_type=\"heading.default\">\n\t\t\t\t<div class=\"elementor-widget-container\">\n\t\t\t<h3 class=\"elementor-heading-title elementor-size-default\">Convite para Submiss\u00e3o de Artigos<\/h3>\t\t<\/div>\n\t\t\t\t<\/div>\n\t\t\t\t<div class=\"elementor-element elementor-element-48a2a17 elementor-widget elementor-widget-text-editor\" data-id=\"48a2a17\" data-element_type=\"widget\" data-widget_type=\"text-editor.default\">\n\t\t\t\t<div class=\"elementor-widget-container\">\n\t\t\t\t\t\t\t<p>O <b>Comit\u00ea de Programa do WTICIFES 2026 <\/b>convida a comunidade de TIC a submeter artigos t\u00e9cnicos de relatos de experi\u00eancia para o evento. Os artigos devem apresentar trabalhos originais sobre a tem\u00e1tica do evento.<\/p><p>Os trabalhos selecionados dever\u00e3o obrigatoriamente ser apresentados em sess\u00f5es orais ou em p\u00f4ster durante a programa\u00e7\u00e3o do evento, nas \u00e1reas tem\u00e1ticas, para que possam fazer parte dos anais do evento, que ser\u00e3o publicados no <b><u><a href=\"https:\/\/repositorio.wticifes.com.br\/home\">Reposit\u00f3rio de Artigos do WTICIFES<\/a><\/u><\/b>.<\/p><p>Os artigos devem possuir de 5 a 8 p\u00e1ginas escritas em portugu\u00eas, e o formato deve estar de acordo com as normas da <b>SBC (Sociedade Brasileira de Computa\u00e7\u00e3o)<\/b>, conforme apresentado no <u><a href=\"https:\/\/www.sbc.org.br\/wp-content\/uploads\/2024\/07\/modelosparapublicaodeartigos.zip\">link indicado<\/a><\/u>. A \u00fanica exce\u00e7\u00e3o \u00e9 que n\u00e3o \u00e9 necess\u00e1rio o resumo em ingl\u00eas (abstract).<\/p><p>Para submiss\u00e3o dos artigos deve ser utilizado o sistema da SBC (Sociedade Brasileira de Computa\u00e7\u00e3o) clicando no bot\u00e3o abaixo. Os artigos devem seguir o <a href=\"https:\/\/www.sbc.org.br\/documentos-da-sbc\/summary\/144-institucional\/1298-codigo-de-conduta-para-publicacoes-da-sbc\"><u>C\u00f3digo de Conduta<\/u><\/a> da SBC.<\/p>\t\t\t\t\t\t<\/div>\n\t\t\t\t<\/div>\n\t\t\t\t<div class=\"elementor-element elementor-element-fd30b38 elementor-align-center elementor-widget elementor-widget-button\" data-id=\"fd30b38\" data-element_type=\"widget\" data-widget_type=\"button.default\">\n\t\t\t\t<div class=\"elementor-widget-container\">\n\t\t\t\t\t\t\t<div class=\"elementor-button-wrapper\">\n\t\t\t\t\t<a class=\"elementor-button elementor-button-link elementor-size-sm\" href=\"https:\/\/jems3.sbc.org.br\/wticifes2026\/%20\">\n\t\t\t\t\t\t<span class=\"elementor-button-content-wrapper\">\n\t\t\t\t\t\t\t\t\t<span class=\"elementor-button-text\">Submeter Artigo<\/span>\n\t\t\t\t\t<\/span>\n\t\t\t\t\t<\/a>\n\t\t\t\t<\/div>\n\t\t\t\t\t\t<\/div>\n\t\t\t\t<\/div>\n\t\t\t\t\t<\/div>\n\t\t\t\t<\/div>\n\t\t<div class=\"elementor-element elementor-element-8ae5790 e-flex e-con-boxed e-con e-parent\" data-id=\"8ae5790\" data-element_type=\"container\">\n\t\t\t\t\t<div class=\"e-con-inner\">\n\t\t\t\t<div class=\"elementor-element elementor-element-1f23bd5 elementor-widget elementor-widget-heading\" data-id=\"1f23bd5\" data-element_type=\"widget\" data-widget_type=\"heading.default\">\n\t\t\t\t<div class=\"elementor-widget-container\">\n\t\t\t<h3 class=\"elementor-heading-title elementor-size-default\">Envio da Vers\u00e3o Final de Artigos<\/h3>\t\t<\/div>\n\t\t\t\t<\/div>\n\t\t\t\t<div class=\"elementor-element elementor-element-ef78eec elementor-widget elementor-widget-text-editor\" data-id=\"ef78eec\" data-element_type=\"widget\" data-widget_type=\"text-editor.default\">\n\t\t\t\t<div class=\"elementor-widget-container\">\n\t\t\t\t\t\t\t<p>Os artigos aprovados para apresenta\u00e7\u00e3o dever\u00e3o enviar a vers\u00e3o final do artigo pelo <a href=\"https:\/\/jems3.sbc.org.br\/wticifes2026\/\"><u>sistema da SBC<\/u><\/a> (Sociedade Brasileira de Computa\u00e7\u00e3o). Os autores devem levar em considera\u00e7\u00e3o os coment\u00e1rios dos revisores enquanto preparam a vers\u00e3o final do seu manuscrito. Al\u00e9m disso, devem se certificar de que o artigo esteja rigorosamente formatado de acordo com o modelo da SBC e que respeite o limite de 5 a 8 p\u00e1ginas.<\/p>\t\t\t\t\t\t<\/div>\n\t\t\t\t<\/div>\n\t\t\t\t\t<\/div>\n\t\t\t\t<\/div>\n\t\t<div class=\"elementor-element elementor-element-aa34ba1 e-flex e-con-boxed e-con e-parent\" data-id=\"aa34ba1\" data-element_type=\"container\">\n\t\t\t\t\t<div class=\"e-con-inner\">\n\t\t\t\t<div class=\"elementor-element elementor-element-fbcc102 elementor-widget elementor-widget-heading\" data-id=\"fbcc102\" data-element_type=\"widget\" data-widget_type=\"heading.default\">\n\t\t\t\t<div class=\"elementor-widget-container\">\n\t\t\t<h3 class=\"elementor-heading-title elementor-size-default\">Datas Importantes<\/h3>\t\t<\/div>\n\t\t\t\t<\/div>\n\t\t\t\t<div class=\"elementor-element elementor-element-7c10f19 elementor-widget elementor-widget-text-editor\" data-id=\"7c10f19\" data-element_type=\"widget\" data-widget_type=\"text-editor.default\">\n\t\t\t\t<div class=\"elementor-widget-container\">\n\t\t\t\t\t\t\t<p>Submiss\u00e3o Trabalhos: 09\/03 a <s><i>06\/04<\/i><\/s> <b>13\/04<\/b><br> <\/p>\n<p>Notifica\u00e7\u00e3o do aceite (resultado): 08\/05<br><\/p>\n<p>Envio vers\u00e3o final do trabalho: 05\/06<\/p>\t\t\t\t\t\t<\/div>\n\t\t\t\t<\/div>\n\t\t\t\t\t<\/div>\n\t\t\t\t<\/div>\n\t\t<div class=\"elementor-element elementor-element-7529659 e-flex e-con-boxed e-con e-parent\" data-id=\"7529659\" data-element_type=\"container\">\n\t\t\t\t\t<div class=\"e-con-inner\">\n\t\t\t\t<div class=\"elementor-element elementor-element-293f2f2 elementor-widget elementor-widget-heading\" data-id=\"293f2f2\" data-element_type=\"widget\" data-widget_type=\"heading.default\">\n\t\t\t\t<div class=\"elementor-widget-container\">\n\t\t\t<h3 class=\"elementor-heading-title elementor-size-default\">C\u00f4mite de Programa<\/h3>\t\t<\/div>\n\t\t\t\t<\/div>\n\t\t\t\t<div class=\"elementor-element elementor-element-29257d3 elementor-widget elementor-widget-text-editor\" data-id=\"29257d3\" data-element_type=\"widget\" data-widget_type=\"text-editor.default\">\n\t\t\t\t<div class=\"elementor-widget-container\">\n\t\t\t\t\t\t\t<p>Christiano Martino Otero Avila (UFPel) &#8211; Coordenador<\/p><p>J\u00falio Carlos Balzano de Mattos (UFPel) &#8211; Coordenador<\/p><p>Gustavo Kantorski (UFSM) &#8211; Coordenador<\/p><p>D\u00e9bora Flores (UFSM)<\/p><p>Luciano Gonda (UFMS)<\/p><p>Mydi\u00e3 Falc\u00e3o Freitas (UFSB)\u00a0<\/p><p>Olivia Tozzi Bittencourt (UFT)<\/p><p>S\u00edlvia L\u00facia Borowicc (UFFS)<\/p><p>Taciano Alc\u00e2ntara (UFCA)<\/p><p>Valter Roesler (UFRGS)<\/p>\t\t\t\t\t\t<\/div>\n\t\t\t\t<\/div>\n\t\t\t\t\t<\/div>\n\t\t\t\t<\/div>\n\t\t\t\t<\/div>\n\t\t","protected":false},"excerpt":{"rendered":"<p>Submiss\u00e3o de Trabalhos WTICIFES 2026 &#8211; Garibaldi, RS &#8211; 4 a 6 de Agosto XVIII Congresso de Tecnologia da Informa\u00e7\u00e3o e Comunica\u00e7\u00e3o das Institui\u00e7\u00f5es Federais de Ensino Superior do Brasil O Congresso de Tecnologia da Informa\u00e7\u00e3o e Comunica\u00e7\u00e3o das Institui\u00e7\u00f5es Federais de Ensino Superior (WTICIFES) \u00e9 um evento que visa promover a troca de experi\u00eancias [&hellip;]<\/p>\n","protected":false},"author":2,"featured_media":0,"parent":0,"menu_order":0,"comment_status":"closed","ping_status":"closed","template":"","meta":{"footnotes":""},"class_list":["post-926","page","type-page","status-publish","hentry"],"_links":{"self":[{"href":"https:\/\/wticifes.com.br\/2026\/wp-json\/wp\/v2\/pages\/926","targetHints":{"allow":["GET"]}}],"collection":[{"href":"https:\/\/wticifes.com.br\/2026\/wp-json\/wp\/v2\/pages"}],"about":[{"href":"https:\/\/wticifes.com.br\/2026\/wp-json\/wp\/v2\/types\/page"}],"author":[{"embeddable":true,"href":"https:\/\/wticifes.com.br\/2026\/wp-json\/wp\/v2\/users\/2"}],"replies":[{"embeddable":true,"href":"https:\/\/wticifes.com.br\/2026\/wp-json\/wp\/v2\/comments?post=926"}],"version-history":[{"count":34,"href":"https:\/\/wticifes.com.br\/2026\/wp-json\/wp\/v2\/pages\/926\/revisions"}],"predecessor-version":[{"id":1012,"href":"https:\/\/wticifes.com.br\/2026\/wp-json\/wp\/v2\/pages\/926\/revisions\/1012"}],"wp:attachment":[{"href":"https:\/\/wticifes.com.br\/2026\/wp-json\/wp\/v2\/media?parent=926"}],"curies":[{"name":"wp","href":"https:\/\/api.w.org\/{rel}","templated":true}]}}