{"id":436,"date":"2024-05-12T19:26:10","date_gmt":"2024-05-12T22:26:10","guid":{"rendered":"https:\/\/wticifes.com.br\/2024\/?page_id=436"},"modified":"2024-06-21T12:25:51","modified_gmt":"2024-06-21T15:25:51","slug":"trabalhos-aprovados","status":"publish","type":"page","link":"https:\/\/wticifes.com.br\/2024\/trabalhos-aprovados\/","title":{"rendered":"Trabalhos aprovados"},"content":{"rendered":"\n<p>A Comiss\u00e3o Organizadora e a Comiss\u00e3o Cient\u00edfica tornam p\u00fablico o resultado da sele\u00e7\u00e3o de trabalhos aprovados para o WTICIFES 2024.<\/p>\n\n\n\n<p>Agradecemos pelos mais de 120 trabalhos enviados. Foi a maior n\u00famero de trabalhos submetidos em uma edi\u00e7\u00e3o do WTICIFES.&nbsp;Isso mostra o quanto nossas institui\u00e7\u00f5es est\u00e3o produzindo e as equipes&nbsp;motivadas por compartilhar esse conhecimento. Para saber mais sobre a submiss\u00e3o, leia nosso&nbsp;<a href=\"https:\/\/drive.google.com\/file\/d\/1bKiVyYUzaJ0nIQzYx6EbWH-VFIsyxIAx\/view\" target=\"_blank\" rel=\"noreferrer noopener\"><u>Boletim 03\/2024<\/u><\/a>.<\/p>\n\n\n\n<p>Tentamos acomodar o maior n\u00famero poss\u00edvel de trabalhos. Se o seu trabalho n\u00e3o constar na lista de aprovados, n\u00e3o se preocupe, voc\u00ea \u00e9 bem vindo(a) a participar do evento.&nbsp;<\/p>\n\n\n\n<p>Observa\u00e7\u00e3o:&nbsp;Ainda nesta semana, enviaremos \u00e0 primeira autora (ou ao primeiro autor) a carta de aceite acompanhada do modelo de apresenta\u00e7\u00e3o. Para os trabalhos aprovados na modalidade p\u00f4ster, disponibilizaremos tamb\u00e9m um modelo e as instru\u00e7\u00f5es necess\u00e1rias para o envio.<\/p>\n\n\n\n<p>Esperamos voc\u00eas no evento!<\/p>\n\n\n\n<hr class=\"wp-block-separator has-alpha-channel-opacity\"\/>\n\n\n\n<p><\/p>\n\n\n\n<h2 class=\"wp-block-heading\">Aprovados para modalidade: Comunica\u00e7\u00e3o Oral<\/h2>\n\n\n\n<p>\ud83c\udd95<strong>Link das apresenta\u00e7\u00f5es: <a href=\"https:\/\/drive.google.com\/drive\/u\/0\/folders\/121SJ-KnTEMYQECdw3byVfa06zrnFLnlB\" target=\"_blank\" rel=\"noreferrer noopener\">https:\/\/drive.google.com\/drive\/u\/0\/folders\/121SJ-KnTEMYQECdw3byVfa06zrnFLnlB<\/a><\/strong><\/p>\n\n\n\n<p><a href=\"https:\/\/drive.google.com\/drive\/folders\/1fqArKUixXIuwpIQRQJ1-foIetX1ylBaB?usp=sharing\" target=\"_blank\" rel=\"noreferrer noopener\"><\/a><\/p>\n\n\n\n<figure class=\"wp-block-table\"><table><tbody><tr><td rowspan=\"4\">05\/06\/2024 das 9h30 \u00e0s 10h30 &#8211; Sess\u00e3o T\u00e9cnica 1: Gest\u00e3o de Projetos de TIC<\/td><td>1 &#8211; Matriz RACI: uma proposta de responsabilidade compartilhada aplicada \u00e0s contrata\u00e7\u00f5es p\u00fablicas de TI (UFMT)<\/td><\/tr><tr><td>2 &#8211; SIPLAM &#8211; Uma ferramenta desenvolvida para apoiar a gest\u00e3o do Plano de Metas da Superintend\u00eancia de Tecnologia da Informa\u00e7\u00e3o da Universidade Federal da Bahia (UFBA)<\/td><\/tr><tr><td>3 &#8211; Inova Sistemas: estrat\u00e9gia para inova\u00e7\u00e3o e atualiza\u00e7\u00e3o tecnol\u00f3gica de sistemas, aplicativos e servi\u00e7os digitais da UFG (UFG)<\/td><\/tr><tr><td>4 &#8211; Fatores Cr\u00edticos de Sucesso em Projetos de Modelagem de Processos: Li\u00e7\u00f5es Extra\u00eddas de Experi\u00eancias da UFRGS (UFRGS)<\/td><\/tr><tr><td rowspan=\"4\">05\/06\/2024 das 9h30 \u00e0s 10h30 &#8211; Sess\u00e3o T\u00e9cnica 2: Inova\u00e7\u00e3o e Transforma\u00e7\u00e3o Digital<\/td><td>1 &#8211; Experi\u00eancia de transforma\u00e7\u00e3o digital no processo de ingresso na gradua\u00e7\u00e3o (UNIFESP)<\/td><\/tr><tr><td>2 &#8211; Desenvolvimento de um novo Portal de Dados Abertos na Universidade Federal do Rio Grande do Sul (UFRGS)<\/td><\/tr><tr><td>3 &#8211; Implanta\u00e7\u00e3o de acessibilidade visual em aplicativos da UFRN (UFRN)<\/td><\/tr><tr><td>4 &#8211; Atendimento ao usu\u00e1rio por chat: relato da implementa\u00e7\u00e3o e transforma\u00e7\u00e3o da experi\u00eancia de atendimento (UNIFESP)<\/td><\/tr><tr><td rowspan=\"4\">05\/06\/2024 das 11h00 \u00e0s 12h00 &#8211; Sess\u00e3o T\u00e9cnica 3: Gest\u00e3o, governan\u00e7a de TI, gest\u00e3o de riscos, e compliance<\/td><td>1 &#8211; Experi\u00eancia de Aquisi\u00e7\u00e3o e Gest\u00e3o de Solu\u00e7\u00f5es de TIC com Equipe Reduzida (UFMA)<\/td><\/tr><tr><td>2 &#8211; Aplicando OKR ao PDTIC da UFRN (UFRN)<\/td><\/tr><tr><td>3 &#8211; DRISC: Um Dashboard para Gest\u00e3o de Riscos em TIC (UFRGS)<\/td><\/tr><tr><td>4 &#8211; Governan\u00e7a e Gest\u00e3o de TI: o impacto do apoio da Alta Administra\u00e7\u00e3o (UFMS)<\/td><\/tr><tr><td rowspan=\"4\">05\/06\/2024 das 11h00 \u00e0s 12h00 &#8211; Sess\u00e3o T\u00e9cnica 4: Sistemas de informa\u00e7\u00e3o<\/td><td>1 &#8211; Sinpeg &#8211; Ferramenta de Apoio \u00e0 S\u00edntese do Relat\u00f3rio de Gest\u00e3o da UFPA (UFPA)<\/td><\/tr><tr><td>2 &#8211; Sa\u00fade com Agente: desafios tecnol\u00f3gicos para execu\u00e7\u00e3o de cursos para 200 mil alunos (UFRGS)<\/td><\/tr><tr><td>3 &#8211; Sistema de Autentica\u00e7\u00e3o \u00danica da Universidade Federal de Uberl\u00e2ndia &#8211; Login com Gov.br e IDUFU (UFU)<\/td><\/tr><tr><td>4 &#8211; Experi\u00eancia no uso de ferramenta de avalia\u00e7\u00e3o de acessibilidade nas p\u00e1ginas da Unifesp (UNIFESP)<\/td><\/tr><tr><td rowspan=\"4\">05\/06\/2024 das 17h00 \u00e0s 18h00 &#8211; Sess\u00e3o T\u00e9cnica 5: Gest\u00e3o, governan\u00e7a de TI, gest\u00e3o de riscos, e compliance<\/td><td>1 &#8211; M\u00e9todo para Execu\u00e7\u00e3o e Monitoramento do PDTIC na UFMA (UFMA)<\/td><\/tr><tr><td>2 &#8211; Monitoramento computacional como instrumento de gest\u00e3o e governan\u00e7a de TI (UFSCAR)<\/td><\/tr><tr><td>3 &#8211; Utiliza\u00e7\u00e3o de ferramenta de coleta de sugest\u00f5es e prioriza\u00e7\u00e3o para apoio no planejamento de TI (UFMT)<\/td><\/tr><tr><td>4 &#8211; Sistame de Avalia\u00e7\u00e3o Externa da UFMS (UFMS)<\/td><\/tr><tr><td rowspan=\"4\">05\/06\/2024 das 17h00 \u00e0s 18h00 &#8211; Sess\u00e3o T\u00e9cnica 6: Infraestrutura computacional, conectividade, e redes de computadores<\/td><td>1 &#8211; Implementa\u00e7\u00e3o de um Cluster HPC usando containers Singularity (UFSCAR)<\/td><\/tr><tr><td>2 &#8211; Migra\u00e7\u00e3o de Sistemas On-Premises para a Nuvem: Um Estudo de Caso Utilizando Kubernetes na AWS (UFSCAR)<\/td><\/tr><tr><td>3 &#8211; Solu\u00e7\u00e3o de baixo custo para a extens\u00e3o de redes de Campus para unidades remotas (UFRGS)<\/td><\/tr><tr><td>4 &#8211; Monitoramento institucional de c\u00e2meras de seguran\u00e7a atrav\u00e9s de um sistema de baixo custo e software livre (UFRGS)<\/td><\/tr><tr><td rowspan=\"4\">05\/06\/2024 das 18h00 \u00e0s 19h00 &#8211; Sess\u00e3o T\u00e9cnica 7: Inova\u00e7\u00e3o e Tecnologias Emergentes (IA, Automa\u00e7\u00e3o) + Metodologias de PGD e Teletrabalho<\/td><td>1 &#8211; Relato da Implementa\u00e7\u00e3o do Programa de Gest\u00e3o na Coordenadoria de Desenvolvimento de Sistemas da Universidade Federal de Rond\u00f4nia (UNIR)<\/td><\/tr><tr><td>2 &#8211; CapIOT: Rastreamento de Ve\u00edculo Coletivo da UFMS Utilizando LoRaWAN (UFMS)<\/td><\/tr><tr><td>3 &#8211; Inova\u00e7\u00e3o em Pr\u00e1ticas de Gest\u00e3o de Infraestrutura Tecnol\u00f3gica: Estudo de Caso (UFMS)<\/td><\/tr><tr><td>4 &#8211; SmartGLPI: Solu\u00e7\u00e3o de Intelig\u00eancia Artificial para Automa\u00e7\u00e3o de Busca e Compara\u00e7\u00e3o em Centrais de Suporte. (UFSJ)<\/td><\/tr><tr><td rowspan=\"4\">05\/06\/2024 das 18h00 \u00e0s 19h00 &#8211; Sess\u00e3o T\u00e9cnica 8: Gest\u00e3o por Processo: metodologias, governan\u00e7a de processos e aplica\u00e7\u00f5es pr\u00e1ticas<\/td><td>1 &#8211; Estrat\u00e9gias para o Engajamento das Pessoas na Implanta\u00e7\u00e3o da Gest\u00e3o por Processos na UFCSPA (UFCSPA)<\/td><\/tr><tr><td>2 &#8211; A interdepend\u00eancia entre Gest\u00e3o de Riscos e Mapeamento de Processos contribuindo para a Integridade e a Governan\u00e7a Institucional na UNIPAMPA (UNIPAMPA)<\/td><\/tr><tr><td>3 &#8211; A implementa\u00e7\u00e3o de um Servi\u00e7o de Gest\u00e3o Integrada na Universidade Federal de Santa Catarina (UFSC)<\/td><\/tr><tr><td>4 &#8211; Alinhamento de processo de neg\u00f3cio como estrat\u00e9gia de governan\u00e7a corporativa: estudo de caso (UTFPR)<\/td><\/tr><tr><td rowspan=\"4\">06\/06\/2024 das 9h30 \u00e0s 10h30 &#8211; Sess\u00e3o T\u00e9cnica 9: Inova\u00e7\u00e3o e Transforma\u00e7\u00e3o Digital<\/td><td>1 &#8211; Plano de Transforma\u00e7\u00e3o Digital da UFMS (UFMS)<\/td><\/tr><tr><td>2 &#8211; PagUFS: Uma Solu\u00e7\u00e3o para Integra\u00e7\u00e3o do PagTesouro aos Sistemas Institucionais de Gest\u00e3o (UFS)<\/td><\/tr><tr><td>3 &#8211; Transforma\u00e7\u00e3o Digital: Automa\u00e7\u00e3o da Coleta de Dados de Propriedade Intelectual da UTFPR (UTFPR)<\/td><\/tr><tr><td>4 &#8211; Suporte remoto com software Open Source em universidade brasileira multicampi: an\u00e1lise de implementa\u00e7\u00e3o e solu\u00e7\u00e3o para al\u00e9m das fronteiras f\u00edsicas (UFJ)<\/td><\/tr><tr><td rowspan=\"4\">06\/06\/2024 das 9h30 \u00e0s 10h30 &#8211; Sess\u00e3o T\u00e9cnica 10: Seguran\u00e7a da Informa\u00e7\u00e3o e Gest\u00e3o da Privacidade<\/td><td>1 &#8211; Rede WORKCOLAB: Colabora\u00e7\u00e3o T\u00e9cnica em Seguran\u00e7a da Informa\u00e7\u00e3o e Comunica\u00e7\u00f5es (UFPE)<\/td><\/tr><tr><td>2 &#8211; Adequa\u00e7\u00e3o \u00e0 LGPD na UFBA: Uma Perspectiva do N\u00facleo de Seguran\u00e7a da Informa\u00e7\u00e3o atrav\u00e9s do Projeto Piloto UFBA\/RNP (UFBA)<\/td><\/tr><tr><td>3 &#8211; Programa de Conscientiza\u00e7\u00e3o em Seguran\u00e7a da Informa\u00e7\u00e3o e Comunica\u00e7\u00f5es na UFPE (UFPE)<\/td><\/tr><tr><td>4 &#8211; Fortalecendo a Resposta e Preven\u00e7\u00e3o a Incidentes Cibern\u00e9ticos: Um Estudo de Caso na UFMS (UFMS)<\/td><\/tr><tr><td rowspan=\"4\">06\/06\/2024 das 11h00 \u00e0s 12h00 &#8211; Sess\u00e3o T\u00e9cnica 11: Sistemas de informa\u00e7\u00e3o<\/td><td>1 &#8211; A Import\u00e2ncia da Base de Conhecimento na TI (UFCA)<\/td><\/tr><tr><td>2 &#8211; Aperfei\u00e7oamento do Processo de Coleta e Envio das Informa\u00e7\u00f5es ao Censo da Educa\u00e7\u00e3o Superior (UFPA)<\/td><\/tr><tr><td>3 &#8211; SAAD \u2013 Um Sistema para Acompanhamento das Atividades Docentes de uma Institui\u00e7\u00e3o Federal de Ensino Superior (UFOPA)<\/td><\/tr><tr><td>4 &#8211; Rumo \u00e0 Universidade Observ\u00e1vel: Uma Abordagem para Monitoramento e Otimiza\u00e7\u00e3o da Tecnologia na UFAL (UFAL)<\/td><\/tr><tr><td rowspan=\"4\">06\/06\/2024 das 11h00 \u00e0s 12h00 &#8211; Sess\u00e3o T\u00e9cnica 12: Gest\u00e3o por Processo: metodologias, governan\u00e7a de processos e aplica\u00e7\u00f5es pr\u00e1ticas<\/td><td>1 &#8211; Evolu\u00e7\u00e3o do M3P e Resultados ap\u00f3s Sete Ciclos de Avalia\u00e7\u00e3o na UFCSPA (UFCSPA)<\/td><\/tr><tr><td>2 &#8211; Levantamento de Dados sobre Escrit\u00f3rios de Processos: Um Estudo Explorat\u00f3rio da For\u00e7a de Trabalho nas Universidades Federais Brasileiras. (UFSM)<\/td><\/tr><tr><td>3 &#8211; Implementa\u00e7\u00e3o e resultados da gest\u00e3o de processos aliada \u00e0 gest\u00e3o de riscos na UFMS (UFMS)<\/td><\/tr><tr><td>4 &#8211; Entidades Objetos de Custeio para Apura\u00e7\u00e3o de Custos em Institui\u00e7\u00f5es Federais de Ensino Superior (UFPR)<\/td><\/tr><\/tbody><\/table><\/figure>\n\n\n\n<p><\/p>\n\n\n\n<h2 class=\"wp-block-heading\">Aprovados para modalidade: P\u00f4ster<\/h2>\n\n\n\n<p><strong>\ud83c\udd95Link do Poster: <a href=\"https:\/\/drive.google.com\/drive\/folders\/1iLrFgaZ5J9geJ5ZvhAxWL6psp2r3axSh?usp=sharing\" target=\"_blank\" rel=\"noreferrer noopener\">https:\/\/drive.google.com\/drive\/folders\/1iLrFgaZ5J9geJ5ZvhAxWL6psp2r3axSh?usp=sharing<\/a><\/strong><\/p>\n\n\n\n<figure class=\"wp-block-table\"><table><tbody><tr><td rowspan=\"10\">05\/06\/2024 das 10h30 \u00e0s 11h00 &#8211; Sess\u00e3o P\u00f4ster 1: Inova\u00e7\u00e3o e Transforma\u00e7\u00e3o Digital<\/td><td>1 &#8211; A Utiliza\u00e7\u00e3o do GLPI como Gerenciador de Tickets e os Benef\u00edcios da Integra\u00e7\u00e3o com o OCS para as Institui\u00e7\u00f5es Federais de Ensino Superior (IFES). (UFCSPA)<\/td><\/tr><tr><td>2 &#8211; Design System e Atomic Design: Desenvolvendo identidade visual para aplicativo m\u00f3vel da UFCSPA (UFCSPA)<\/td><\/tr><tr><td>3 &#8211; Conhe\u00e7a A UFMA: Uma Solu\u00e7\u00e3o Para O Fomento Do Empreendedorismo Universit\u00e1rio (UFMA)<\/td><\/tr><tr><td>4 &#8211; Uma Arquitetura De Apoio Ao Ensino Dist\u00e2ncia: O Projeto UFMA Virtual (UFMA)<\/td><\/tr><tr><td>5 &#8211; An\u00e1lise de riscos para modelagem do processo de ades\u00e3o e acompanhamento do PGD (UFMT)<\/td><\/tr><tr><td>6 &#8211; FicaUAI: Ferramenta De Intelig\u00eancia Artificial Para Previs\u00e3o De Evas\u00e3o Universit\u00e1ria. (UFSJ)<\/td><\/tr><tr><td>7 &#8211; Objetivos de Desenvolvimento Sustent\u00e1vel (ODS) e Classifica\u00e7\u00e3o de Projetos Institucionais (UFSM)<\/td><\/tr><tr><td>8 &#8211; ASSINA@UFVJM: uma plataforma para assinatura digital de documentos acad\u00eamicos (UFVJM)<\/td><\/tr><tr><td>9 &#8211; Siex 2.0: Intrega\u00e7\u00e3o e inova\u00e7\u00e3o na gest\u00e3o de a\u00e7\u00f5es de extens\u00e3o e cultura (UNIFESP)<\/td><\/tr><tr><td>10 &#8211; Relat\u00f3rios interativos como ferramenta de gest\u00e3o e transpar\u00eancia (UNIPAMPA)<\/td><\/tr><tr><td rowspan=\"10\">05\/06\/2024 das 16h00 \u00e0s 16h30 &#8211; Sess\u00e3o P\u00f4ster 2: Sistemas de informa\u00e7\u00e3o<\/td><td>1 &#8211; Sistema de Plano de Ensino da UFCSPA (UFCSPA)<\/td><\/tr><tr><td>2 &#8211; Novo Sistema Acad\u00eamico da UFG: uma abordagem inovadora para concep\u00e7\u00e3o de uma arquitetura de microsservi\u00e7os (UFG)<\/td><\/tr><tr><td>3 &#8211; Universidade e Democracia: aprimoramento no processo e na infraestrutura computacional do sistema de vota\u00e7\u00e3o eletr\u00f4nica Helios Voting para garantir a inclus\u00e3o e a seguran\u00e7a nas elei\u00e7\u00f5es da UFLA. (UFLA)<\/td><\/tr><tr><td>4 &#8211; SISU UFPel: uma solu\u00e7\u00e3o interna para controle e matr\u00edcula de candidatos (UFPEL)<\/td><\/tr><tr><td>5 &#8211; Sistema de Teletrabalho da UFRGS (UFRGS)<\/td><\/tr><tr><td>6 &#8211; Sistema do Servi\u00e7o da Web do Sistema Integrado de Gest\u00e3o Acad\u00eamica da UFRJ (UFRJ)<\/td><\/tr><tr><td>7 &#8211; Relato de experi\u00eancia : desenvolvimento de aplicativo utilizando tecnologia no-code (UFVJM)<\/td><\/tr><tr><td>8 &#8211; Atualiza\u00e7\u00e3o do Joomla 3 para a vers\u00e3o 5. (UNIFESP)<\/td><\/tr><tr><td>9 &#8211; Relato de experi\u00eancia do desenvolvimento e implanta\u00e7\u00e3o do GAP PGD na Unifesp (UNIFESP)<\/td><\/tr><tr><td>10 &#8211; Desenvolvimento do Sistema de Sele\u00e7\u00e3o Discente &#8211; M\u00f3dulo Administrativo na Universidade Federal de Rond\u00f4nia (UNIR)<\/td><\/tr><tr><td rowspan=\"11\">06\/06\/2024 das 10h30 \u00e0s 11h00 &#8211; Sess\u00e3o P\u00f4ster 3: Gest\u00e3o<\/td><td>1 &#8211; Caf\u00e9 com Processos: a trajet\u00f3ria da iniciativa na UFABC, avan\u00e7os e obst\u00e1culos (UFABC)<\/td><\/tr><tr><td>2 &#8211; Painel de indicadores para o monitoramento do Planejamento de Aquisi\u00e7\u00f5es de TIC: Uma abordagem voltada para a transforma\u00e7\u00e3o digital e inclus\u00e3o. (UFC)<\/td><\/tr><tr><td>3 &#8211; Identifica\u00e7\u00e3o e valida\u00e7\u00e3o de processos de neg\u00f3cio: a metodologia aplicada na UFCA (UFCA)<\/td><\/tr><tr><td>4 &#8211; Plano de Dados Abertos da UFG &#8211; 2023\/2025: uma nova abordagem de elabora\u00e7\u00e3o apoiada pela participa\u00e7\u00e3o social (UFG)<\/td><\/tr><tr><td>5 &#8211; A BPM como elemento estrutural na implanta\u00e7\u00e3o do &#8220;Sistema de Gest\u00e3o da Privacidade&#8221; da Universidade Federal de Juiz de Fora \u2013 UFJF. Um estudo de caso do Escrit\u00f3rio de Governan\u00e7a em Processos, Riscos e Integridade. (UFJF)<\/td><\/tr><tr><td>6 &#8211; An\u00e1lise e Experi\u00eancias da Implanta\u00e7\u00e3o da Gest\u00e3o por Processos na UFMA (UFMA)<\/td><\/tr><tr><td>7 &#8211; SIMPLIFICA UFMS: Aliando Gest\u00e3o de Projetos, Processos e Riscos para uma Administra\u00e7\u00e3o P\u00fablica Eficiente e Inovadora (UFMS)<\/td><\/tr><tr><td>8 &#8211; Pain\u00e9is de Modelagem e Arquitetura de Processos (UFPR)<\/td><\/tr><tr><td>9 &#8211; Iniciativas e Desafios da Governan\u00e7a de TI na Universidade Federal do Rio de Janeiro: Um Relato de Experi\u00eancia (UFRJ)<\/td><\/tr><tr><td>10 &#8211; Relato da Experi\u00eancia da Unifesp na Concep\u00e7\u00e3o de Um Plano Diretor de TIC Baseado em Gest\u00e3o de Riscos (UNIFESP)<\/td><\/tr><tr><td>11 &#8211; An\u00e1lise Sistem\u00e1tica do Setor de Tecnologia da Informa\u00e7\u00e3o de Uma Institui\u00e7\u00e3o Federal de Ensino Superior: Estudo de caso da UNILA (UNILA)<\/td><\/tr><tr><td rowspan=\"11\">06\/06\/2024 das 15h30 \u00e0s 16h00 &#8211; Sess\u00e3o P\u00f4ster 4: Infra, Seguran\u00e7a e Projetos<\/td><td>1 &#8211; Uma ferramenta baseada em shell Linux para facilitar o gerenciamento de redes (UFAL)<\/td><\/tr><tr><td>2 &#8211; Integra\u00e7\u00e3o Multicampi de Comunica\u00e7\u00e3o VoIP usando VPN site-to-site na Universidade Federal do Amazonas (UFAM)<\/td><\/tr><tr><td>3 &#8211; Concep\u00e7\u00e3o de uma proposta de identidade visual para o novo sistema acad\u00eamico da UFG (UFG)<\/td><\/tr><tr><td>4 &#8211; Mapeamento e melhoria do processo de gest\u00e3o de Termos de Execu\u00e7\u00e3o Descentralizada (TEDs) na UFPA (UFPA)<\/td><\/tr><tr><td>5 &#8211; M\u00f3dulo de gerenciamento de res\u00edduos: Cobalto UFPel (UFPEL)<\/td><\/tr><tr><td>6 &#8211; Implanta\u00e7\u00e3o de sistema de Service Desk Unificado. Estudo de caso na UFRGS (UFRGS)<\/td><\/tr><tr><td>7 &#8211; Quinze anos do CITI UFRGS\/HCPA e nenhum servi\u00e7o prestado (UFRGS)<\/td><\/tr><tr><td>8 &#8211; Transpar\u00eancia e efici\u00eancia: A contribui\u00e7\u00e3o do Painel Estat\u00edstico na Universidade Federal do Rio de Janeiro (UFRJ)<\/td><\/tr><tr><td>9 &#8211; Conex\u00e3o Federada entre Google Workspace e Microsoft 365 (UNIFAL)<\/td><\/tr><tr><td>10 &#8211; Desenvolvimento e interoperabilidade: Vantagens da Utiliza\u00e7\u00e3o do Conecta gov.br na Integra\u00e7\u00e3o de Dados em Sistema de Gest\u00e3o de Est\u00e1gios (UNIFAL)<\/td><\/tr><tr><td>11 &#8211; Relato da Implementa\u00e7\u00e3o do Google reCaptcha v3 em 3 Sistemas da Universidade Federal de Rond\u00f4nia (UNIR)<\/td><\/tr><\/tbody><\/table><\/figure>\n","protected":false},"excerpt":{"rendered":"<p>A Comiss\u00e3o Organizadora e a Comiss\u00e3o Cient\u00edfica tornam p\u00fablico o resultado da sele\u00e7\u00e3o de trabalhos aprovados para o WTICIFES 2024. Agradecemos pelos mais de 120 trabalhos enviados. Foi a maior n\u00famero de trabalhos submetidos em uma edi\u00e7\u00e3o do WTICIFES.&nbsp;Isso mostra o quanto nossas institui\u00e7\u00f5es est\u00e3o produzindo e as equipes&nbsp;motivadas por compartilhar esse conhecimento. Para saber [&hellip;]<\/p>\n","protected":false},"author":1,"featured_media":0,"parent":0,"menu_order":0,"comment_status":"closed","ping_status":"closed","template":"","meta":{"_eb_attr":"","footnotes":""},"class_list":["post-436","page","type-page","status-publish","hentry"],"_links":{"self":[{"href":"https:\/\/wticifes.com.br\/2024\/wp-json\/wp\/v2\/pages\/436","targetHints":{"allow":["GET"]}}],"collection":[{"href":"https:\/\/wticifes.com.br\/2024\/wp-json\/wp\/v2\/pages"}],"about":[{"href":"https:\/\/wticifes.com.br\/2024\/wp-json\/wp\/v2\/types\/page"}],"author":[{"embeddable":true,"href":"https:\/\/wticifes.com.br\/2024\/wp-json\/wp\/v2\/users\/1"}],"replies":[{"embeddable":true,"href":"https:\/\/wticifes.com.br\/2024\/wp-json\/wp\/v2\/comments?post=436"}],"version-history":[{"count":7,"href":"https:\/\/wticifes.com.br\/2024\/wp-json\/wp\/v2\/pages\/436\/revisions"}],"predecessor-version":[{"id":821,"href":"https:\/\/wticifes.com.br\/2024\/wp-json\/wp\/v2\/pages\/436\/revisions\/821"}],"wp:attachment":[{"href":"https:\/\/wticifes.com.br\/2024\/wp-json\/wp\/v2\/media?parent=436"}],"curies":[{"name":"wp","href":"https:\/\/api.w.org\/{rel}","templated":true}]}}