{"id":328,"date":"2024-05-05T00:32:54","date_gmt":"2024-05-05T03:32:54","guid":{"rendered":"https:\/\/wticifes.com.br\/2024\/?page_id=328"},"modified":"2024-05-10T14:47:28","modified_gmt":"2024-05-10T17:47:28","slug":"comite-cientifico","status":"publish","type":"page","link":"https:\/\/wticifes.com.br\/2024\/comite-cientifico\/","title":{"rendered":"Conhe\u00e7a o Comit\u00ea Cient\u00edfico do WTICIFES 2024"},"content":{"rendered":"\n<figure class=\"wp-block-image\"><img decoding=\"async\" src=\"https:\/\/site.unifesp.br\/sti\/images\/imagens\/comite_cientifico1.png\" alt=\"\"\/><\/figure>\n\n\n\n<figure class=\"wp-block-image\"><img decoding=\"async\" src=\"https:\/\/site.unifesp.br\/sti\/images\/imagens\/comite_cientifico2.png\" alt=\"\"\/><\/figure>\n","protected":false},"excerpt":{"rendered":"","protected":false},"author":1,"featured_media":0,"parent":0,"menu_order":0,"comment_status":"closed","ping_status":"closed","template":"","meta":{"_eb_attr":"","footnotes":""},"class_list":["post-328","page","type-page","status-publish","hentry"],"_links":{"self":[{"href":"https:\/\/wticifes.com.br\/2024\/wp-json\/wp\/v2\/pages\/328","targetHints":{"allow":["GET"]}}],"collection":[{"href":"https:\/\/wticifes.com.br\/2024\/wp-json\/wp\/v2\/pages"}],"about":[{"href":"https:\/\/wticifes.com.br\/2024\/wp-json\/wp\/v2\/types\/page"}],"author":[{"embeddable":true,"href":"https:\/\/wticifes.com.br\/2024\/wp-json\/wp\/v2\/users\/1"}],"replies":[{"embeddable":true,"href":"https:\/\/wticifes.com.br\/2024\/wp-json\/wp\/v2\/comments?post=328"}],"version-history":[{"count":2,"href":"https:\/\/wticifes.com.br\/2024\/wp-json\/wp\/v2\/pages\/328\/revisions"}],"predecessor-version":[{"id":420,"href":"https:\/\/wticifes.com.br\/2024\/wp-json\/wp\/v2\/pages\/328\/revisions\/420"}],"wp:attachment":[{"href":"https:\/\/wticifes.com.br\/2024\/wp-json\/wp\/v2\/media?parent=328"}],"curies":[{"name":"wp","href":"https:\/\/api.w.org\/{rel}","templated":true}]}}